{"id":588,"date":"2024-03-06T20:22:25","date_gmt":"2024-03-06T19:22:25","guid":{"rendered":"https:\/\/clavisfuturae.fr\/?page_id=588"},"modified":"2024-03-11T17:02:15","modified_gmt":"2024-03-11T16:02:15","slug":"contact","status":"publish","type":"page","link":"https:\/\/clavisfuturae.fr\/fr\/contact\/","title":{"rendered":"Contact"},"content":{"rendered":"\t\t<div data-elementor-type=\"wp-page\" data-elementor-id=\"588\" class=\"elementor elementor-588\" data-elementor-settings=\"{&quot;element_pack_global_tooltip_width&quot;:{&quot;unit&quot;:&quot;px&quot;,&quot;size&quot;:&quot;&quot;,&quot;sizes&quot;:[]},&quot;element_pack_global_tooltip_width_tablet&quot;:{&quot;unit&quot;:&quot;px&quot;,&quot;size&quot;:&quot;&quot;,&quot;sizes&quot;:[]},&quot;element_pack_global_tooltip_width_mobile&quot;:{&quot;unit&quot;:&quot;px&quot;,&quot;size&quot;:&quot;&quot;,&quot;sizes&quot;:[]},&quot;element_pack_global_tooltip_padding&quot;:{&quot;unit&quot;:&quot;px&quot;,&quot;top&quot;:&quot;&quot;,&quot;right&quot;:&quot;&quot;,&quot;bottom&quot;:&quot;&quot;,&quot;left&quot;:&quot;&quot;,&quot;isLinked&quot;:true},&quot;element_pack_global_tooltip_padding_tablet&quot;:{&quot;unit&quot;:&quot;px&quot;,&quot;top&quot;:&quot;&quot;,&quot;right&quot;:&quot;&quot;,&quot;bottom&quot;:&quot;&quot;,&quot;left&quot;:&quot;&quot;,&quot;isLinked&quot;:true},&quot;element_pack_global_tooltip_padding_mobile&quot;:{&quot;unit&quot;:&quot;px&quot;,&quot;top&quot;:&quot;&quot;,&quot;right&quot;:&quot;&quot;,&quot;bottom&quot;:&quot;&quot;,&quot;left&quot;:&quot;&quot;,&quot;isLinked&quot;:true},&quot;element_pack_global_tooltip_border_radius&quot;:{&quot;unit&quot;:&quot;px&quot;,&quot;top&quot;:&quot;&quot;,&quot;right&quot;:&quot;&quot;,&quot;bottom&quot;:&quot;&quot;,&quot;left&quot;:&quot;&quot;,&quot;isLinked&quot;:true},&quot;element_pack_global_tooltip_border_radius_tablet&quot;:{&quot;unit&quot;:&quot;px&quot;,&quot;top&quot;:&quot;&quot;,&quot;right&quot;:&quot;&quot;,&quot;bottom&quot;:&quot;&quot;,&quot;left&quot;:&quot;&quot;,&quot;isLinked&quot;:true},&quot;element_pack_global_tooltip_border_radius_mobile&quot;:{&quot;unit&quot;:&quot;px&quot;,&quot;top&quot;:&quot;&quot;,&quot;right&quot;:&quot;&quot;,&quot;bottom&quot;:&quot;&quot;,&quot;left&quot;:&quot;&quot;,&quot;isLinked&quot;:true}}\">\n\t\t\t\t\t\t<section class=\"elementor-section elementor-top-section elementor-element elementor-element-3f49120 elementor-reverse-mobile elementor-section-boxed elementor-section-height-default elementor-section-height-default\" data-id=\"3f49120\" data-element_type=\"section\" data-e-type=\"section\" id=\"accompagnement\">\n\t\t\t\t\t\t<div class=\"elementor-container elementor-column-gap-default\">\n\t\t\t\t\t<div class=\"elementor-column elementor-col-50 elementor-top-column elementor-element elementor-element-5114e7a\" data-id=\"5114e7a\" data-element_type=\"column\" data-e-type=\"column\">\n\t\t\t<div class=\"elementor-widget-wrap elementor-element-populated\">\n\t\t\t\t\t\t<div class=\"elementor-element elementor-element-ffbca4d elementor-invisible elementor-widget elementor-widget-heading\" data-id=\"ffbca4d\" data-element_type=\"widget\" data-e-type=\"widget\" data-settings=\"{&quot;_animation&quot;:&quot;fadeInUp&quot;,&quot;_animation_delay&quot;:200}\" data-widget_type=\"heading.default\">\n\t\t\t\t<div class=\"elementor-widget-container\">\n\t\t\t\t\t<h2 class=\"elementor-heading-title elementor-size-default\">Contact<\/h2>\t\t\t\t<\/div>\n\t\t\t\t<\/div>\n\t\t\t\t<div class=\"elementor-element elementor-element-59ffc8b elementor-invisible elementor-widget elementor-widget-text-editor\" data-id=\"59ffc8b\" data-element_type=\"widget\" data-e-type=\"widget\" data-settings=\"{&quot;_animation&quot;:&quot;fadeInUp&quot;,&quot;_animation_delay&quot;:300}\" data-widget_type=\"text-editor.default\">\n\t\t\t\t<div class=\"elementor-widget-container\">\n\t\t\t\t\t\t\t\t\t<p>Pour en savoir plus sur nos services, discuter de vos besoins sp\u00e9cifiques ou pour toute autre demande n&rsquo;h\u00e9sitez pas \u00e0 nous contacter.\u00a0<\/p>\t\t\t\t\t\t\t\t<\/div>\n\t\t\t\t<\/div>\n\t\t\t\t<div class=\"elementor-element elementor-element-251b18b elementor-button-align-center elementor-widget elementor-widget-bdt-contact-form\" data-id=\"251b18b\" data-element_type=\"widget\" data-e-type=\"widget\" data-widget_type=\"bdt-contact-form.default\">\n\t\t\t\t<div class=\"elementor-widget-container\">\n\t\t\t\t\t\t\t<div class=\"bdt-contact-form bdt-contact-form-skin-default\">\r\n\t\t\t<div class=\"elementor-form-fields-wrapper\">\r\n\t\t\t\t\t\t<div class=\"bdt-contact-form-wrapper\">\r\n\t\t\t<form class=\"bdt-contact-form-form bdt-form-stacked bdt-grid bdt-grid-small\" data-bdt-grid=\"\" action=\"https:\/\/clavisfuturae.fr\/wp-admin\/admin-ajax.php\" method=\"post\">\r\n\r\n\t\t\t\t\r\n\t\t\t\t\t<div class=\"bdt-field-group elementor-field-required bdt-width-1-2@m bdt-name-email-inline\">\r\n\t\t\t\t\t\t<label for=\"user_name251b18b\" class=\"bdt-form-label\">Name*<\/label><div class=\"bdt-form-controls\"><input type=\"text\" name=\"name\" id=\"user_name251b18b\" placeholder=\"Your Name\" class=\"bdt-input bdt-form-default\" required =\"required\"><\/div>\t\t\t\t\t<\/div>\r\n\r\n\t\t\t\t\t<div class=\"bdt-field-group elementor-field-required bdt-width-1-2@m bdt-name-email-inline\">\r\n\t\t\t\t\t\t<label for=\"email251b18b\" class=\"bdt-form-label\">Email*<\/label><div class=\"bdt-form-controls\"><input type=\"email\" name=\"email\" id=\"email251b18b\" placeholder=\"example@email.com\" class=\"bdt-input bdt-form-default\" required=\"required\"><\/div>\t\t\t\t\t<\/div>\r\n\r\n\t\t\t\t\t\r\n\t\t\t\t\t\t\t\t\t\t\t<div class=\"bdt-field-group bdt-width-1-1 elementor-field-required\">\r\n\t\t\t\t\t\t\t<label for=\"subject251b18b\" class=\"bdt-form-label\">Subject*<\/label><div class=\"bdt-form-controls\"><input type=\"text\" name=\"subject\" id=\"subject251b18b\" placeholder=\"Your Message Subject\" class=\"bdt-input bdt-form-default\" required=\"required\"><\/div>\t\t\t\t\t\t<\/div>\r\n\t\t\t\t\t\r\n\t\t\t\t\t\r\n\t\t\t\t\t\t\t\t\t\t\t<div class=\"bdt-field-group bdt-width-1-1 elementor-field-required\">\r\n\t\t\t\t\t\t\t<label for=\"message251b18b\" class=\"bdt-form-label\">Your Message*<\/label><div class=\"bdt-form-controls\"><textarea name=\"message\" id=\"message251b18b\" rows=\"5\" placeholder=\"Your Message Here\" class=\"bdt-textarea bdt-form-default\" required=\"required\"><\/textarea><\/div>\t\t\t\t\t\t<\/div>\r\n\t\t\t\t\t\r\n\t\t\t\t\t\r\n\r\n\t\t\t\t\t\t\t\t\t\t\t<input type=\"hidden\" name=\"redirect-url\" value=\"https:\/\/clavisfuturae.fr\/\" \/>\r\n\r\n\t\t\t\t\t\t<input type=\"hidden\" name=\"is-external\" value=\"_self\" \/>\r\n\r\n\t\t\t\t\t\r\n\t\t\t\t\t\r\n\t\t\t\t\t<input type=\"hidden\" class=\"widget_id\" name=\"widget_id\" value=\"251b18b\" \/>\r\n\t\t\t\t\t<input type=\"hidden\" name=\"bdt-sf-251b18b\" value=\"true\" \/>\r\n\t\t\t\t\t<input type=\"hidden\" class=\"page_id\" name=\"page_id\" value=\"588\" \/>\r\n\r\n\t\t\t\t\t<div class=\"elementor-field-type-submit bdt-field-group bdt-flex bdt-width-1-1\">\r\n\t\t\t\t\t\t<button type=\"submit\" class=\"elementor-button bdt-button bdt-button-primary g-recaptcha\" name=\"submit\" data-sitekey=\"6LfJQZUpAAAAAA_CFWCBPkgvo1c8eKYRHtH5PN1i\" data-callback=\"elementPackGICCB\">\r\n\t\t\t\t\t\t\t\t\t\t\t\t\t\t\t<span>\r\n\t\t\t\t\t\t\t\t\tEnvoyer\t\t\t\t\t\t\t\t<\/span>\r\n\t\t\t\t\t\t\t\t\t\t\t\t\t<\/button>\r\n\t\t\t\t\t<\/div>\r\n\r\n\t\t\t\t\t<input name=\"_wpnonce\" value=\"04f4e522df\" type=\"hidden\">\r\n\t\t\t\t\t\r\n\t\t\t\t\t\t\t\t\t\t\r\n\r\n\t\t\t\t\t<input type=\"hidden\" name=\"action\" value=\"element_pack_contact_form\" \/>\r\n\r\n\t\t\t\t\t\r\n\t\t\t<\/form>\r\n\t\t<\/div>\r\n\t\t\t\t\t<\/div>\r\n\t\t<\/div>\r\n\t\t\t\t\t\t<\/div>\n\t\t\t\t<\/div>\n\t\t\t\t\t<\/div>\n\t\t<\/div>\n\t\t\t\t<div class=\"elementor-column elementor-col-50 elementor-top-column elementor-element elementor-element-512fa62\" data-id=\"512fa62\" data-element_type=\"column\" data-e-type=\"column\">\n\t\t\t<div class=\"elementor-widget-wrap elementor-element-populated\">\n\t\t\t\t\t\t<div class=\"elementor-element elementor-element-b79af5a elementor-widget__width-initial elementor-widget elementor-widget-image\" data-id=\"b79af5a\" data-element_type=\"widget\" data-e-type=\"widget\" data-widget_type=\"image.default\">\n\t\t\t\t<div class=\"elementor-widget-container\">\n\t\t\t\t\t\t\t\t\t\t\t\t\t\t\t<img fetchpriority=\"high\" decoding=\"async\" width=\"1400\" height=\"860\" src=\"https:\/\/clavisfuturae.fr\/wp-content\/uploads\/2024\/02\/1_0000_20-1-2.jpg\" class=\"attachment-full size-full wp-image-429\" alt=\"\" srcset=\"https:\/\/clavisfuturae.fr\/wp-content\/uploads\/2024\/02\/1_0000_20-1-2.jpg 1400w, https:\/\/clavisfuturae.fr\/wp-content\/uploads\/2024\/02\/1_0000_20-1-2-300x184.jpg 300w, https:\/\/clavisfuturae.fr\/wp-content\/uploads\/2024\/02\/1_0000_20-1-2-1024x629.jpg 1024w, https:\/\/clavisfuturae.fr\/wp-content\/uploads\/2024\/02\/1_0000_20-1-2-768x472.jpg 768w, https:\/\/clavisfuturae.fr\/wp-content\/uploads\/2024\/02\/1_0000_20-1-2-650x399.jpg 650w\" sizes=\"(max-width: 1400px) 100vw, 1400px\" \/>\t\t\t\t\t\t\t\t\t\t\t\t\t\t\t<\/div>\n\t\t\t\t<\/div>\n\t\t\t\t\t<\/div>\n\t\t<\/div>\n\t\t\t\t\t<\/div>\n\t\t<\/section>\n\t\t\t\t<\/div>\n\t\t","protected":false},"excerpt":{"rendered":"<p>Contact Pour en savoir plus sur nos services, discuter de vos besoins sp\u00e9cifiques ou pour toute autre demande n&rsquo;h\u00e9sitez pas \u00e0 nous [&hellip;]<\/p>\n","protected":false},"author":1,"featured_media":0,"parent":0,"menu_order":0,"comment_status":"closed","ping_status":"closed","template":"","meta":{"footnotes":""},"class_list":["post-588","page","type-page","status-publish","hentry"],"yoast_head":"<!-- This site is optimized with the Yoast SEO plugin v27.5 - https:\/\/yoast.com\/product\/yoast-seo-wordpress\/ -->\n<title>Contact - Clavis Futurae<\/title>\n<meta name=\"robots\" content=\"index, follow, max-snippet:-1, max-image-preview:large, max-video-preview:-1\" \/>\n<link rel=\"canonical\" href=\"https:\/\/clavisfuturae.fr\/fr\/contact\/\" \/>\n<meta property=\"og:locale\" content=\"fr_FR\" \/>\n<meta property=\"og:type\" content=\"article\" \/>\n<meta property=\"og:title\" content=\"Contact - Clavis Futurae\" \/>\n<meta property=\"og:description\" content=\"Contact Pour en savoir plus sur nos services, discuter de vos besoins sp\u00e9cifiques ou pour toute autre demande n&rsquo;h\u00e9sitez pas \u00e0 nous [&hellip;]\" \/>\n<meta property=\"og:url\" content=\"https:\/\/clavisfuturae.fr\/fr\/contact\/\" \/>\n<meta property=\"og:site_name\" content=\"Clavis Futurae\" \/>\n<meta property=\"article:modified_time\" content=\"2024-03-11T16:02:15+00:00\" \/>\n<meta property=\"og:image\" content=\"http:\/\/clavisfuturae.fr\/wp-content\/uploads\/2024\/02\/1_0000_20-1-2.jpg\" \/>\n<meta name=\"twitter:card\" content=\"summary_large_image\" \/>\n<script type=\"application\/ld+json\" class=\"yoast-schema-graph\">{\"@context\":\"https:\\\/\\\/schema.org\",\"@graph\":[{\"@type\":\"WebPage\",\"@id\":\"https:\\\/\\\/clavisfuturae.fr\\\/contact\\\/\",\"url\":\"https:\\\/\\\/clavisfuturae.fr\\\/contact\\\/\",\"name\":\"Contact - Clavis Futurae\",\"isPartOf\":{\"@id\":\"https:\\\/\\\/clavisfuturae.fr\\\/#website\"},\"primaryImageOfPage\":{\"@id\":\"https:\\\/\\\/clavisfuturae.fr\\\/contact\\\/#primaryimage\"},\"image\":{\"@id\":\"https:\\\/\\\/clavisfuturae.fr\\\/contact\\\/#primaryimage\"},\"thumbnailUrl\":\"http:\\\/\\\/clavisfuturae.fr\\\/wp-content\\\/uploads\\\/2024\\\/02\\\/1_0000_20-1-2.jpg\",\"datePublished\":\"2024-03-06T19:22:25+00:00\",\"dateModified\":\"2024-03-11T16:02:15+00:00\",\"breadcrumb\":{\"@id\":\"https:\\\/\\\/clavisfuturae.fr\\\/contact\\\/#breadcrumb\"},\"inLanguage\":\"fr-FR\",\"potentialAction\":[{\"@type\":\"ReadAction\",\"target\":[\"https:\\\/\\\/clavisfuturae.fr\\\/contact\\\/\"]}]},{\"@type\":\"ImageObject\",\"inLanguage\":\"fr-FR\",\"@id\":\"https:\\\/\\\/clavisfuturae.fr\\\/contact\\\/#primaryimage\",\"url\":\"http:\\\/\\\/clavisfuturae.fr\\\/wp-content\\\/uploads\\\/2024\\\/02\\\/1_0000_20-1-2.jpg\",\"contentUrl\":\"http:\\\/\\\/clavisfuturae.fr\\\/wp-content\\\/uploads\\\/2024\\\/02\\\/1_0000_20-1-2.jpg\"},{\"@type\":\"BreadcrumbList\",\"@id\":\"https:\\\/\\\/clavisfuturae.fr\\\/contact\\\/#breadcrumb\",\"itemListElement\":[{\"@type\":\"ListItem\",\"position\":1,\"name\":\"Accueil\",\"item\":\"https:\\\/\\\/clavisfuturae.fr\\\/\"},{\"@type\":\"ListItem\",\"position\":2,\"name\":\"Contact\"}]},{\"@type\":\"WebSite\",\"@id\":\"https:\\\/\\\/clavisfuturae.fr\\\/#website\",\"url\":\"https:\\\/\\\/clavisfuturae.fr\\\/\",\"name\":\"Clavis Futurae\",\"description\":\"Clavis Futurae accompagne associations et organisations \u00e9ducatives dans la conception et le financement de projets europ\u00e9ens Erasmus+. Conseil, facilitation et formations gratuites.\",\"publisher\":{\"@id\":\"https:\\\/\\\/clavisfuturae.fr\\\/#organization\"},\"potentialAction\":[{\"@type\":\"SearchAction\",\"target\":{\"@type\":\"EntryPoint\",\"urlTemplate\":\"https:\\\/\\\/clavisfuturae.fr\\\/?s={search_term_string}\"},\"query-input\":{\"@type\":\"PropertyValueSpecification\",\"valueRequired\":true,\"valueName\":\"search_term_string\"}}],\"inLanguage\":\"fr-FR\"},{\"@type\":\"Organization\",\"@id\":\"https:\\\/\\\/clavisfuturae.fr\\\/#organization\",\"name\":\"Clavis Futurae\",\"url\":\"https:\\\/\\\/clavisfuturae.fr\\\/\",\"logo\":{\"@type\":\"ImageObject\",\"inLanguage\":\"fr-FR\",\"@id\":\"https:\\\/\\\/clavisfuturae.fr\\\/#\\\/schema\\\/logo\\\/image\\\/\",\"url\":\"https:\\\/\\\/clavisfuturae.fr\\\/wp-content\\\/uploads\\\/2024\\\/03\\\/Logo-CF.svg\",\"contentUrl\":\"https:\\\/\\\/clavisfuturae.fr\\\/wp-content\\\/uploads\\\/2024\\\/03\\\/Logo-CF.svg\",\"width\":500,\"height\":500,\"caption\":\"Clavis Futurae\"},\"image\":{\"@id\":\"https:\\\/\\\/clavisfuturae.fr\\\/#\\\/schema\\\/logo\\\/image\\\/\"}}]}<\/script>\n<!-- \/ Yoast SEO plugin. -->","yoast_head_json":{"title":"Contact - Clavis Futurae","robots":{"index":"index","follow":"follow","max-snippet":"max-snippet:-1","max-image-preview":"max-image-preview:large","max-video-preview":"max-video-preview:-1"},"canonical":"https:\/\/clavisfuturae.fr\/fr\/contact\/","og_locale":"fr_FR","og_type":"article","og_title":"Contact - Clavis Futurae","og_description":"Contact Pour en savoir plus sur nos services, discuter de vos besoins sp\u00e9cifiques ou pour toute autre demande n&rsquo;h\u00e9sitez pas \u00e0 nous [&hellip;]","og_url":"https:\/\/clavisfuturae.fr\/fr\/contact\/","og_site_name":"Clavis Futurae","article_modified_time":"2024-03-11T16:02:15+00:00","og_image":[{"url":"http:\/\/clavisfuturae.fr\/wp-content\/uploads\/2024\/02\/1_0000_20-1-2.jpg","type":"","width":"","height":""}],"twitter_card":"summary_large_image","schema":{"@context":"https:\/\/schema.org","@graph":[{"@type":"WebPage","@id":"https:\/\/clavisfuturae.fr\/contact\/","url":"https:\/\/clavisfuturae.fr\/contact\/","name":"Contact - Clavis Futurae","isPartOf":{"@id":"https:\/\/clavisfuturae.fr\/#website"},"primaryImageOfPage":{"@id":"https:\/\/clavisfuturae.fr\/contact\/#primaryimage"},"image":{"@id":"https:\/\/clavisfuturae.fr\/contact\/#primaryimage"},"thumbnailUrl":"http:\/\/clavisfuturae.fr\/wp-content\/uploads\/2024\/02\/1_0000_20-1-2.jpg","datePublished":"2024-03-06T19:22:25+00:00","dateModified":"2024-03-11T16:02:15+00:00","breadcrumb":{"@id":"https:\/\/clavisfuturae.fr\/contact\/#breadcrumb"},"inLanguage":"fr-FR","potentialAction":[{"@type":"ReadAction","target":["https:\/\/clavisfuturae.fr\/contact\/"]}]},{"@type":"ImageObject","inLanguage":"fr-FR","@id":"https:\/\/clavisfuturae.fr\/contact\/#primaryimage","url":"http:\/\/clavisfuturae.fr\/wp-content\/uploads\/2024\/02\/1_0000_20-1-2.jpg","contentUrl":"http:\/\/clavisfuturae.fr\/wp-content\/uploads\/2024\/02\/1_0000_20-1-2.jpg"},{"@type":"BreadcrumbList","@id":"https:\/\/clavisfuturae.fr\/contact\/#breadcrumb","itemListElement":[{"@type":"ListItem","position":1,"name":"Accueil","item":"https:\/\/clavisfuturae.fr\/"},{"@type":"ListItem","position":2,"name":"Contact"}]},{"@type":"WebSite","@id":"https:\/\/clavisfuturae.fr\/#website","url":"https:\/\/clavisfuturae.fr\/","name":"Clavis Futurae","description":"Clavis Futurae accompagne associations et organisations \u00e9ducatives dans la conception et le financement de projets europ\u00e9ens Erasmus+. Conseil, facilitation et formations gratuites.","publisher":{"@id":"https:\/\/clavisfuturae.fr\/#organization"},"potentialAction":[{"@type":"SearchAction","target":{"@type":"EntryPoint","urlTemplate":"https:\/\/clavisfuturae.fr\/?s={search_term_string}"},"query-input":{"@type":"PropertyValueSpecification","valueRequired":true,"valueName":"search_term_string"}}],"inLanguage":"fr-FR"},{"@type":"Organization","@id":"https:\/\/clavisfuturae.fr\/#organization","name":"Clavis Futurae","url":"https:\/\/clavisfuturae.fr\/","logo":{"@type":"ImageObject","inLanguage":"fr-FR","@id":"https:\/\/clavisfuturae.fr\/#\/schema\/logo\/image\/","url":"https:\/\/clavisfuturae.fr\/wp-content\/uploads\/2024\/03\/Logo-CF.svg","contentUrl":"https:\/\/clavisfuturae.fr\/wp-content\/uploads\/2024\/03\/Logo-CF.svg","width":500,"height":500,"caption":"Clavis Futurae"},"image":{"@id":"https:\/\/clavisfuturae.fr\/#\/schema\/logo\/image\/"}}]}},"_links":{"self":[{"href":"https:\/\/clavisfuturae.fr\/fr\/wp-json\/wp\/v2\/pages\/588","targetHints":{"allow":["GET"]}}],"collection":[{"href":"https:\/\/clavisfuturae.fr\/fr\/wp-json\/wp\/v2\/pages"}],"about":[{"href":"https:\/\/clavisfuturae.fr\/fr\/wp-json\/wp\/v2\/types\/page"}],"author":[{"embeddable":true,"href":"https:\/\/clavisfuturae.fr\/fr\/wp-json\/wp\/v2\/users\/1"}],"replies":[{"embeddable":true,"href":"https:\/\/clavisfuturae.fr\/fr\/wp-json\/wp\/v2\/comments?post=588"}],"version-history":[{"count":10,"href":"https:\/\/clavisfuturae.fr\/fr\/wp-json\/wp\/v2\/pages\/588\/revisions"}],"predecessor-version":[{"id":657,"href":"https:\/\/clavisfuturae.fr\/fr\/wp-json\/wp\/v2\/pages\/588\/revisions\/657"}],"wp:attachment":[{"href":"https:\/\/clavisfuturae.fr\/fr\/wp-json\/wp\/v2\/media?parent=588"}],"curies":[{"name":"wp","href":"https:\/\/api.w.org\/{rel}","templated":true}]}}